{"id":2,"date":"2025-10-24T09:59:40","date_gmt":"2025-10-24T09:59:40","guid":{"rendered":"https:\/\/geschenkezwerg.de\/?page_id=2"},"modified":"2025-10-24T10:08:18","modified_gmt":"2025-10-24T10:08:18","slug":"sample-page","status":"publish","type":"page","link":"https:\/\/geschenkezwerg.de\/index.php\/sample-page\/","title":{"rendered":"Starteite"},"content":{"rendered":"\n<p>Diese Seiten befinden sich noch im Aufbau.<\/p>\n\n\n\n<blockquote class=\"wp-block-quote is-layout-flow wp-block-quote-is-layout-flow\">\n<p>Bitte schauen Sie sp\u00e4ter wieder einmal vorbei!<\/p>\n<\/blockquote>\n\n\n\n<p><\/p>\n\n\n\n<p>Es wird sicher interessant werden!<\/p>\n\n\n\n<blockquote class=\"wp-block-quote is-layout-flow wp-block-quote-is-layout-flow\">\n<p>Wir freuen uns Sie irgendwann wieder hier begr\u00fc\u00dfen zu d\u00fcrfen.<\/p>\n<\/blockquote>\n\n\n\n<p>Ihre Team von Geschenkezwerg.de<\/p>\n","protected":false},"excerpt":{"rendered":"<p>Diese Seiten befinden sich noch im Aufbau. Bitte schauen Sie sp\u00e4ter wieder einmal vorbei! Es wird sicher interessant werden! Wir freuen uns Sie irgendwann wieder hier begr\u00fc\u00dfen zu d\u00fcrfen. Ihre Team von Geschenkezwerg.de<\/p>\n","protected":false},"author":1,"featured_media":0,"parent":0,"menu_order":0,"comment_status":"closed","ping_status":"open","template":"","meta":{"footnotes":""},"class_list":["post-2","page","type-page","status-publish","hentry"],"_links":{"self":[{"href":"https:\/\/geschenkezwerg.de\/index.php\/wp-json\/wp\/v2\/pages\/2","targetHints":{"allow":["GET"]}}],"collection":[{"href":"https:\/\/geschenkezwerg.de\/index.php\/wp-json\/wp\/v2\/pages"}],"about":[{"href":"https:\/\/geschenkezwerg.de\/index.php\/wp-json\/wp\/v2\/types\/page"}],"author":[{"embeddable":true,"href":"https:\/\/geschenkezwerg.de\/index.php\/wp-json\/wp\/v2\/users\/1"}],"replies":[{"embeddable":true,"href":"https:\/\/geschenkezwerg.de\/index.php\/wp-json\/wp\/v2\/comments?post=2"}],"version-history":[{"count":2,"href":"https:\/\/geschenkezwerg.de\/index.php\/wp-json\/wp\/v2\/pages\/2\/revisions"}],"predecessor-version":[{"id":8,"href":"https:\/\/geschenkezwerg.de\/index.php\/wp-json\/wp\/v2\/pages\/2\/revisions\/8"}],"wp:attachment":[{"href":"https:\/\/geschenkezwerg.de\/index.php\/wp-json\/wp\/v2\/media?parent=2"}],"curies":[{"name":"wp","href":"https:\/\/api.w.org\/{rel}","templated":true}]}}